{"id":247,"date":"2024-10-23T18:45:36","date_gmt":"2024-10-23T16:45:36","guid":{"rendered":"https:\/\/heilpraktikerinnuernberg.de\/%d1%81%d0%b2%d1%8f%d0%b6%d0%b8%d1%82%d0%b5%d1%81%d1%8c-%d1%81-%d0%bd%d0%b0%d0%bc%d0%b8\/"},"modified":"2024-11-15T19:40:34","modified_gmt":"2024-11-15T18:40:34","slug":"%d1%81%d0%b2%d1%8f%d0%b6%d0%b8%d1%82%d0%b5%d1%81%d1%8c-%d1%81-%d0%bd%d0%b0%d0%bc%d0%b8","status":"publish","type":"page","link":"https:\/\/heilpraktikerinnuernberg.de\/ru\/%d1%81%d0%b2%d1%8f%d0%b6%d0%b8%d1%82%d0%b5%d1%81%d1%8c-%d1%81-%d0%bd%d0%b0%d0%bc%d0%b8\/","title":{"rendered":"\u0421\u0432\u044f\u0436\u0438\u0442\u0435\u0441\u044c \u0441 \u043d\u0430\u043c\u0438"},"content":{"rendered":"<p><div class=\"fusion-fullwidth fullwidth-box fusion-builder-row-1 fusion-flex-container has-pattern-background has-mask-background shadow nonhundred-percent-fullwidth non-hundred-percent-height-scrolling\" style=\"--awb-border-radius-top-left:0px;--awb-border-radius-top-right:0px;--awb-border-radius-bottom-right:0px;--awb-border-radius-bottom-left:0px;--awb-flex-wrap:wrap;\" ><div class=\"fusion-builder-row fusion-row fusion-flex-align-items-flex-start fusion-flex-content-wrap\" style=\"max-width:1144px;margin-left: calc(-4% \/ 2 );margin-right: calc(-4% \/ 2 );\"><div class=\"fusion-layout-column fusion_builder_column fusion-builder-column-0 fusion_builder_column_1_2 1_2 fusion-flex-column\" style=\"--awb-bg-size:cover;--awb-width-large:50%;--awb-margin-top-large:0px;--awb-spacing-right-large:3.84%;--awb-margin-bottom-large:0px;--awb-spacing-left-large:3.84%;--awb-width-medium:50%;--awb-spacing-right-medium:3.84%;--awb-spacing-left-medium:3.84%;--awb-width-small:100%;--awb-spacing-right-small:1.92%;--awb-spacing-left-small:1.92%;\"><div class=\"fusion-column-wrapper fusion-flex-justify-content-flex-start fusion-content-layout-column\"><div class=\"fusion-title title fusion-title-1 fusion-sep-none fusion-title-text fusion-title-size-two\"><h2 class=\"fusion-title-heading title-heading-left\" style=\"margin:0;\">\u041d\u0430\u0442\u0443\u0440\u043e\u043f\u0430\u0442\u0438\u0447\u0435\u0441\u043a\u0430\u044f \u043f\u0440\u0430\u043a\u0442\u0438\u043a\u0430 \u041d\u0430\u0442\u0443\u0440\u043e\u043f\u0430\u0442 \u041c\u0430\u0440\u0438\u043d\u0430 \u041b\u0435\u0432\u0438\u0446\u043a\u0430\u044f<\/h2><\/div><div class=\"fusion-text fusion-text-1\"><div>\n<p>\u0416\u0435\u043b\u0430\u043d\u0438\u0435 \u0438\u043c\u0435\u0442\u044c \u0434\u0435\u0442\u0435\u0439 \u0411\u0438\u043e\u043c\u043e\u043b\u0435\u043a\u0443\u043b\u044f\u0440\u043d\u0430\u044f \u0442\u0435\u0440\u0430\u043f\u0438\u044f \u041f\u0441\u0438\u0445\u0438\u0430\u0442\u0440\u0438\u0447\u0435\u0441\u043a\u0430\u044f \u043c\u0435\u0434\u0438\u0446\u0438\u043d\u0430 \u0421\u0435\u043c\u0435\u0439\u043d\u044b\u0435 \u043a\u043e\u043d\u0441\u0442\u0435\u043b\u043b\u044f\u0446\u0438\u0438 \u041e\u0442\u043a\u0430\u0437 \u043e\u0442 \u043a\u0443\u0440\u0435\u043d\u0438\u044f<\/p>\n<p>\u0428\u0442\u0438\u0431\u0435\u0440\u0448\u0442\u0440\u0430\u0441\u0441\u0435 59 90453 \u041d\u044e\u0440\u043d\u0431\u0435\u0440\u0433<\/p>\n<p>\u0422\u0435\u043b.<br \/>\n0911 \/ 203313 E-mail<a href=\"mailto:ml@heilpraktikerinnuernberg.de\">ml@heilpraktikerinnuernberg.de<\/a><\/p>\n<p>\u041d\u0430\u0437\u043d\u0430\u0447\u0435\u043d\u0438\u044f \u043f\u043e \u0434\u043e\u0433\u043e\u0432\u043e\u0440\u0435\u043d\u043d\u043e\u0441\u0442\u0438<\/p>\n<\/div>\n<\/div><\/div><\/div><div class=\"fusion-layout-column fusion_builder_column fusion-builder-column-1 fusion_builder_column_1_2 1_2 fusion-flex-column\" style=\"--awb-bg-size:cover;--awb-width-large:50%;--awb-margin-top-large:0px;--awb-spacing-right-large:3.84%;--awb-margin-bottom-large:20px;--awb-spacing-left-large:3.84%;--awb-width-medium:50%;--awb-order-medium:0;--awb-spacing-right-medium:3.84%;--awb-spacing-left-medium:3.84%;--awb-width-small:100%;--awb-order-small:0;--awb-spacing-right-small:1.92%;--awb-spacing-left-small:1.92%;\"><div class=\"fusion-column-wrapper fusion-column-has-shadow fusion-flex-justify-content-flex-start fusion-content-layout-column\"><div class=\"shortcode-map fusion-google-map fusion-maps-static-type\"><img class=\"lazyload\" decoding=\"async\" width=\"400\" height=\"400\" src=\"data:image\/svg+xml,%3Csvg%20xmlns%3D%27http%3A%2F%2Fwww.w3.org%2F2000%2Fsvg%27%20width%3D%27400%27%20height%3D%27400%27%20viewBox%3D%270%200%20400%20400%27%3E%3Crect%20width%3D%27400%27%20height%3D%27400%27%20fill-opacity%3D%220%22%2F%3E%3C%2Fsvg%3E\" data-orig-src=\"https:\/\/maps.googleapis.com\/maps\/api\/staticmap?key=AIzaSyBP3OVF_W9knZ4CUhxYdUIuL_zNwRqWNqA&#038;language=ru&#038;center=\u0428\u0442\u0438\u0431\u0435\u0440\u0448\u0442\u0440\u0430\u0441\u0441\u0435+59,90453+\u041d\u044e\u0440\u043d\u0431\u0435\u0440\u0433,\u0413\u0435\u0440\u043c\u0430\u043d\u0438\u044f&#038;maptype=roadmap&#038;zoom=14&#038;size=400x400&#038;markers=\u0428\u0442\u0438\u0431\u0435\u0440\u0448\u0442\u0440\u0430\u0441\u0441\u0435+59,90453+\u041d\u044e\u0440\u043d\u0431\u0435\u0440\u0433,\u0413\u0435\u0440\u043c\u0430\u043d\u0438\u044f&scale=2\"><\/div><\/div><\/div><\/div><\/div><div class=\"fusion-fullwidth fullwidth-box fusion-builder-row-2 fusion-flex-container has-pattern-background has-mask-background hundred-percent-fullwidth non-hundred-percent-height-scrolling\" style=\"--awb-border-radius-top-left:0px;--awb-border-radius-top-right:0px;--awb-border-radius-bottom-right:0px;--awb-border-radius-bottom-left:0px;--awb-padding-top:0px;--awb-padding-right:0px;--awb-padding-bottom:0px;--awb-padding-left:0px;--awb-margin-top:0px;--awb-margin-bottom:0px;--awb-background-color:var(--awb-color4);--awb-flex-wrap:wrap;\" id=\"newslettercontainer\" ><div class=\"fusion-builder-row fusion-row fusion-flex-align-items-flex-start fusion-flex-content-wrap\" style=\"width:calc( 100% + 0px ) !important;max-width:calc( 100% + 0px ) !important;margin-left: calc(-0px \/ 2 );margin-right: calc(-0px \/ 2 );\"><div class=\"fusion-layout-column fusion_builder_column fusion-builder-column-2 fusion_builder_column_1_1 1_1 fusion-flex-column\" style=\"--awb-bg-size:cover;--awb-width-large:100%;--awb-margin-top-large:0px;--awb-spacing-right-large:0px;--awb-margin-bottom-large:20px;--awb-spacing-left-large:0px;--awb-width-medium:100%;--awb-order-medium:0;--awb-spacing-right-medium:0px;--awb-spacing-left-medium:0px;--awb-width-small:100%;--awb-order-small:0;--awb-spacing-right-small:0px;--awb-spacing-left-small:0px;\"><div class=\"fusion-column-wrapper fusion-column-has-shadow fusion-flex-justify-content-flex-start fusion-content-layout-column\"><!-- Begin Brevo Form -->\n\n<!-- START - We recommend to place the below code in head tag of your website html -->\n\n<style>\n\n  @font-face {\n\n    font-display: block;\n\n    font-family: Roboto;\n\n    src: url(https:\/\/assets.brevo.com\/font\/Roboto\/Latin\/normal\/normal\/7529907e9eaf8ebb5220c5f9850e3811.woff2) format(\"woff2\"), url(https:\/\/assets.brevo.com\/font\/Roboto\/Latin\/normal\/normal\/25c678feafdc175a70922a116c9be3e7.woff) format(\"woff\")\n\n  }\n\n \n\n  @font-face {\n\n    font-display: fallback;\n\n    font-family: Roboto;\n\n    font-weight: 600;\n\n    src: url(https:\/\/assets.brevo.com\/font\/Roboto\/Latin\/medium\/normal\/6e9caeeafb1f3491be3e32744bc30440.woff2) format(\"woff2\"), url(https:\/\/assets.brevo.com\/font\/Roboto\/Latin\/medium\/normal\/71501f0d8d5aa95960f6475d5487d4c2.woff) format(\"woff\")\n\n  }\n\n \n\n  @font-face {\n\n    font-display: fallback;\n\n    font-family: Roboto;\n\n    font-weight: 700;\n\n    src: url(https:\/\/assets.brevo.com\/font\/Roboto\/Latin\/bold\/normal\/3ef7cf158f310cf752d5ad08cd0e7e60.woff2) format(\"woff2\"), url(https:\/\/assets.brevo.com\/font\/Roboto\/Latin\/bold\/normal\/ece3a1d82f18b60bcce0211725c476aa.woff) format(\"woff\")\n\n  }\n\n \n\n  #sib-container input:-ms-input-placeholder {\n\n    text-align: left;\n\n    font-family: \"Helvetica\", sans-serif;\n\n    color: #c0ccda;\n\n  }\n\n \n\n  #sib-container input::placeholder {\n\n    text-align: left;\n\n    font-family: \"Helvetica\", sans-serif;\n\n    color: #c0ccda;\n\n  }\n\n \n\n  #sib-container textarea::placeholder {\n\n    text-align: left;\n\n    font-family: \"Helvetica\", sans-serif;\n\n    color: #c0ccda;\n\n  }\n\n<\/style>\n\n<link rel=\"stylesheet\" href=\"https:\/\/sibforms.com\/forms\/end-form\/build\/sib-styles.css\">\n\n<!-- END - We recommend to place the above code in head tag of your website html -->\n\n \n\n<!-- START - We recommend to place the below code where you want the form in your website html -->\n\n<div class=\"sib-form\" style=\"text-align: center; background-color: #ffe7c6;  \">\n\n  <div id=\"sib-form-container\" class=\"sib-form-container\">\n\n    <div id=\"error-message\" class=\"sib-form-message-panel\" style=\"font-size:16px; text-align:left; font-family:\" helvetica=\"\" sans-serif=\"\" color:=\"\" background-color:=\"\" border-radius:3px=\"\" border-color:=\"\">\n\n      <div class=\"sib-form-message-panel__text sib-form-message-panel__text--center\">\n\n        <svg viewbox=\"0 0 512 512\" class=\"sib-icon sib-notification__icon\">\n\n          <path d=\"M256 40c118.621 0 216 96.075 216 216 0 119.291-96.61 216-216 216-119.244 0-216-96.562-216-216 0-119.203 96.602-216 216-216m0-32C119.043 8 8 119.083 8 256c0 136.997 111.043 248 248 248s248-111.003 248-248C504 119.083 392.957 8 256 8zm-11.49 120h22.979c6.823 0 12.274 5.682 11.99 12.5l-7 168c-.268 6.428-5.556 11.5-11.99 11.5h-8.979c-6.433 0-11.722-5.073-11.99-11.5l-7-168c-.283-6.818 5.167-12.5 11.99-12.5zM256 340c-15.464 0-28 12.536-28 28s12.536 28 28 28 28-12.536 28-28-12.536-28-28-28z\"\/>\n\n        <\/svg>\n\n        <span class=\"sib-form-message-panel__inner-text\">\n\n  \u0412\u0430\u0448\u0430 \u0440\u0435\u0433\u0438\u0441\u0442\u0440\u0430\u0446\u0438\u044f \u043d\u0435 \u043c\u043e\u0436\u0435\u0442 \u0431\u044b\u0442\u044c \u0441\u043e\u0445\u0440\u0430\u043d\u0435\u043d\u0430. \u041f\u043e\u0436\u0430\u043b\u0443\u0439\u0441\u0442\u0430, \u043f\u043e\u043f\u0440\u043e\u0431\u0443\u0439\u0442\u0435 \u0435\u0449\u0435 \u0440\u0430\u0437. \n\n                      <\/span>\n\n      <\/div>\n\n    <\/div>\n\n    <div><\/div>\n\n    <div id=\"success-message\" class=\"sib-form-message-panel\" style=\"font-size:16px; text-align:left; font-family:\" helvetica=\"\" sans-serif=\"\" color:=\"\" background-color:=\"\" border-radius:3px=\"\" border-color:=\"\">\n\n      <div class=\"sib-form-message-panel__text sib-form-message-panel__text--center\">\n\n        <svg viewbox=\"0 0 512 512\" class=\"sib-icon sib-notification__icon\">\n\n          <path d=\"M256 8C119.033 8 8 119.033 8 256s111.033 248 248 248 248-111.033 248-248S392.967 8 256 8zm0 464c-118.664 0-216-96.055-216-216 0-118.663 96.055-216 216-216 118.664 0 216 96.055 216 216 0 118.663-96.055 216-216 216zm141.63-274.961L217.15 376.071c-4.705 4.667-12.303 4.637-16.97-.068l-85.878-86.572c-4.667-4.705-4.637-12.303.068-16.97l8.52-8.451c4.705-4.667 12.303-4.637 16.97.068l68.976 69.533 163.441-162.13c4.705-4.667 12.303-4.637 16.97.068l8.451 8.52c4.668 4.705 4.637 12.303-.068 16.97z\"\/>\n\n        <\/svg>\n\n        <span class=\"sib-form-message-panel__inner-text\">\n\n  \u041f\u043e\u0436\u0430\u043b\u0443\u0439\u0441\u0442\u0430, \u043f\u0440\u043e\u0432\u0435\u0440\u044c\u0442\u0435 \u0441\u0432\u043e\u0439 \u043f\u043e\u0447\u0442\u043e\u0432\u044b\u0439 \u044f\u0449\u0438\u043a \u0438 \u043f\u0430\u043f\u043a\u0443 \"\u0421\u043f\u0430\u043c\".\n\n                      <\/span>\n\n      <\/div>\n\n    <\/div>\n\n    <div><\/div>\n\n    <div id=\"sib-container\" class=\"sib-container--large sib-container--vertical\" style=\"text-align:center; background-color:rgba(255,255,255,1); max-width:540px; border-radius:3px; border-width:1px; border-color:#C0CCD9; border-style:solid; direction:ltr\">\n\n      <form id=\"sib-form\" method=\"POST\" action=\"https:\/\/b71af0a6.sibforms.com\/serve\/MUIFAIcHpcbMxDsEbHZyiC5E8-R8MppUmnwYCqAYOz7tlFHDLmFMsUOoyfvGKC94mgmECPGT73Gt5pVmD_OzRhx50j5nauhqxM_oDzl1RPbXbx89GcWo7bLpdPElmqiYqIN0PTCBUCAf7HIPI0Wr1Waj6dR5KqpPjt7YAYP8W19vh5IzhMaT8M6N2OO6MksVXRbOeIS6essTi40o\" data-type=\"subscription\">\n\n        <div style=\"padding: 8px 0;\">\n\n          <div class=\"sib-form-block\" style=\"font-size:16px; text-align:left; font-weight:700; font-family:\" helvetica=\"\" sans-serif=\"\" color:=\"\" background-color:transparent=\"\" text-align:left=\"\">\n\n            <div class=\"sib-text-form-block\">\n\n              <p>\u041e\u0441\u0442\u0430\u0432\u0430\u0439\u0442\u0435\u0441\u044c \u0432 \u043a\u0443\u0440\u0441\u0435 \u043c\u043e\u0438\u0445 \u043a\u0443\u0440\u0441\u043e\u0432, \u0434\u0430\u0442, \u0441\u0435\u043c\u0438\u043d\u0430\u0440\u043e\u0432, \u043d\u043e\u0432\u043e\u0441\u0442\u0435\u0439 \u0438 \u043b\u0435\u043a\u0446\u0438\u0439!<\/p>\n\n            <\/div>\n\n          <\/div>\n\n        <\/div>\n\n        <div style=\"padding: 8px 0;\">\n\n          <div class=\"sib-input sib-form-block\">\n\n            <div class=\"form__entry entry_block\">\n\n              <div class=\"form__label-row \">\n\n \n\n                <div class=\"entry__field\">\n\n                  <input class=\"input \" maxlength=\"200\" type=\"text\" id=\"NAME\" name=\"NAME\" autocomplete=\"off\" placeholder=\"\u0418\u041c\u042f\">\n\n                <\/div>\n\n              <\/div>\n\n \n\n              <label class=\"entry__error entry__error--primary\" style=\"font-size:16px; text-align:left; font-family:\" helvetica=\"\" sans-serif=\"\" color:=\"\" background-color:=\"\" border-radius:3px=\"\" border-color:=\"\">\n\n              <\/label>\n\n            <\/div>\n\n          <\/div>\n\n        <\/div>\n\n        <div style=\"padding: 8px 0;\">\n\n          <div class=\"sib-input sib-form-block\">\n\n            <div class=\"form__entry entry_block\">\n\n              <div class=\"form__label-row \">\n\n \n\n                <div class=\"entry__field\">\n\n                  <input class=\"input \" type=\"text\" id=\"EMAIL\" name=\"EMAIL\" autocomplete=\"off\" placeholder=\"EMAIL\" data-required=\"true\" required=\"\">\n\n                <\/div>\n\n              <\/div>\n\n \n\n              <label class=\"entry__error entry__error--primary\" style=\"font-size:16px; text-align:left; font-family:\" helvetica=\"\" sans-serif=\"\" color:=\"\" background-color:=\"\" border-radius:3px=\"\" border-color:=\"\">\n\n              <\/label>\n\n            <\/div>\n\n          <\/div>\n\n        <\/div>\n\n        <div style=\"padding: 8px 0;\">\n\n          <div class=\"sib-form-block\" style=\"text-align: left\">\n\n            <button class=\"sib-form-block__button sib-form-block__button-with-loader\" style=\"font-size:16px; text-align:left; font-weight:700; font-family:\" helvetica=\"\" sans-serif=\"\" color:=\"\" background-color:=\"\" border-radius:3px=\"\" border-width:0px=\"\" form=\"sib-form\" type=\"submit\">\n\n              <svg class=\"icon clickable__icon progress-indicator__icon sib-hide-loader-icon\" viewbox=\"0 0 512 512\">\n\n                <path d=\"M460.116 373.846l-20.823-12.022c-5.541-3.199-7.54-10.159-4.663-15.874 30.137-59.886 28.343-131.652-5.386-189.946-33.641-58.394-94.896-95.833-161.827-99.676C261.028 55.961 256 50.751 256 44.352V20.309c0-6.904 5.808-12.337 12.703-11.982 83.556 4.306 160.163 50.864 202.11 123.677 42.063 72.696 44.079 162.316 6.031 236.832-3.14 6.148-10.75 8.461-16.728 5.01z\"\/>\n\n              <\/svg>\n\n  \u0420\u0415\u0413\u0418\u0421\u0422\u0420\u0410\u0426\u0418\u042f\n\n            <\/button>\n\n          <\/div>\n\n        <\/div>\n\n \n\n        <input type=\"text\" name=\"email_address_check\" value=\"\" class=\"input--hidden\">\n\n        <input type=\"hidden\" name=\"locale\" value=\"en\">\n\n      <\/form>\n\n    <\/div>\n\n  <\/div>\n\n<\/div>\n\n<!-- END - We recommend to place the below code where you want the form in your website html -->\n\n \n\n<!-- START - We recommend to place the below code in footer or bottom of your website html -->\n\n<script>\n\n  window.REQUIRED_CODE_ERROR_MESSAGE = 'W\u00e4hlen Sie bitte einen L\u00e4ndervorwahl aus.';\n\n  window.LOCALE = 'de';\n\n  window.EMAIL_INVALID_MESSAGE = window.SMS_INVALID_MESSAGE = \"Die eingegebenen Informationen sind nicht g\u00fcltig. Bitte \u00fcberpr\u00fcfen Sie das Feldformat und versuchen Sie es erneut.\";\n\n \n\n  window.REQUIRED_ERROR_MESSAGE = \"Dieses Feld darf nicht leer sein. \";\n\n \n\n  window.GENERIC_INVALID_MESSAGE = \"Die eingegebenen Informationen sind nicht g\u00fcltig. Bitte \u00fcberpr\u00fcfen Sie das Feldformat und versuchen Sie es erneut.\";\n\n \n\n \n\n \n\n \n\n  window.translation = {\n\n    common: {\n\n      selectedList: '{quantity} Liste ausgew\u00e4hlt',\n\n      selectedLists: '{quantity} Listen ausgew\u00e4hlt'\n\n    }\n\n  };\n\n \n\n  var AUTOHIDE = Boolean(0);\n\n<\/script>\n\n<script defer src=\"https:\/\/sibforms.com\/forms\/end-form\/build\/main.js\"><\/script>\n\n \n\n \n\n<!-- END - We recommend to place the above code in footer or bottom of your website html -->\n\n<!-- End Brevo Form --><\/div><\/div><\/div><\/div>\n<\/p>\n","protected":false},"excerpt":{"rendered":"","protected":false},"author":1,"featured_media":0,"parent":0,"menu_order":0,"comment_status":"closed","ping_status":"closed","template":"","meta":{"h5ap_radio_sources":[],"footnotes":""},"class_list":["post-247","page","type-page","status-publish","hentry"],"_links":{"self":[{"href":"https:\/\/heilpraktikerinnuernberg.de\/ru\/wp-json\/wp\/v2\/pages\/247","targetHints":{"allow":["GET"]}}],"collection":[{"href":"https:\/\/heilpraktikerinnuernberg.de\/ru\/wp-json\/wp\/v2\/pages"}],"about":[{"href":"https:\/\/heilpraktikerinnuernberg.de\/ru\/wp-json\/wp\/v2\/types\/page"}],"author":[{"embeddable":true,"href":"https:\/\/heilpraktikerinnuernberg.de\/ru\/wp-json\/wp\/v2\/users\/1"}],"replies":[{"embeddable":true,"href":"https:\/\/heilpraktikerinnuernberg.de\/ru\/wp-json\/wp\/v2\/comments?post=247"}],"version-history":[{"count":2,"href":"https:\/\/heilpraktikerinnuernberg.de\/ru\/wp-json\/wp\/v2\/pages\/247\/revisions"}],"predecessor-version":[{"id":253,"href":"https:\/\/heilpraktikerinnuernberg.de\/ru\/wp-json\/wp\/v2\/pages\/247\/revisions\/253"}],"wp:attachment":[{"href":"https:\/\/heilpraktikerinnuernberg.de\/ru\/wp-json\/wp\/v2\/media?parent=247"}],"curies":[{"name":"wp","href":"https:\/\/api.w.org\/{rel}","templated":true}]}}